{"id":703,"date":"2025-06-09T10:59:57","date_gmt":"2025-06-09T08:59:57","guid":{"rendered":"https:\/\/testy.opinieo.pl\/?post_type=product&#038;p=703"},"modified":"2025-06-30T22:10:13","modified_gmt":"2025-06-30T20:10:13","slug":"prezenter-kwadratowy-opinieo-facebook-1","status":"publish","type":"product","link":"https:\/\/testy.opinieo.pl\/?product=prezenter-kwadratowy-opinieo-facebook-1","title":{"rendered":"Prezenter kwadratowy Opinieo Facebook 1"},"content":{"rendered":"<p><b>Tabliczka pleksi QR NFC Facebook Opinieo\u00ae<\/b><\/p>\n<p><b>&#x1f449; Grafika nawi\u0105zuj\u0105ca do Facebooka<\/b><\/p>\n<p><b>&#x1f449; wysokiej klasy chip NFC<\/b><\/p>\n<p><b>&#x1f449; dzia\u0142a z Android i IOS<\/b><\/p>\n<p><b>&#x1f449; QR kod w cenie<\/b><\/p>\n<p><b>&#x1f449; nadruk UV wykonany od spodu tabliczki<\/b><\/p>\n<p>&nbsp;<\/p>\n<p><b>O produkcie<\/b><\/p>\n<p><span style=\"font-weight: 400;\">Prezenter NFC Opinieo\u00ae dedykowany do przekierowania klient\u00f3w do profilu Twojej firmy na Facebooku. Zdobywaj nowych obserwuj\u0105cych, zbieraj opinie i docieraj do kolejnych odbiorc\u00f3w w mediach spo\u0142eczno\u015bciowych!\u00a0<\/span><\/p>\n<p><span style=\"font-weight: 400;\">Prezenter wykonany jest z plexi. Za \u0142\u0105czno\u015b\u0107 z urz\u0105dzeniem klienta odpowiada wysokiej klasy chip NFC oraz dedykowany kod QR. Prezenter wsp\u00f3\u0142pracuje zar\u00f3wno z urz\u0105dzeniami z systemem IOS, jak i Android.\u00a0<\/span><\/p>\n<p><span style=\"font-weight: 400;\">Po stronie klienta wymagane jest konto na Facebooku.<\/span><\/p>\n<p>&nbsp;<\/p>\n<p><b>Prezentery NFC Opinieo\u00ae<\/b><\/p>\n<p><span style=\"font-weight: 400;\">Wykonane z wytrzyma\u0142ego tworzywa sztucznego, zadrukowane w odpornej na zarysowania technologii UV. Prezentery NFC Opinieo\u00ae doskonale sprawdz\u0105 si\u0119 we wszystkich lokalach, w kt\u00f3rych klienci mijaj\u0105 je w newralgicznych punktach. Postaw je na recepcji, przy barze lub przy kasie!<\/span><\/p>\n<p>&nbsp;<\/p>\n<p><b>Jak to dzia\u0142a<\/b><\/p>\n<p><span style=\"font-weight: 400;\">Skuteczno\u015b\u0107 prezenter\u00f3w Opinieo\u00ae tkwi w prostocie i skr\u00f3ceniu czasu wystawienia opinii do minimum. Wystarczy, \u017ce:<\/span><\/p>\n<ol>\n<li style=\"font-weight: 400;\" aria-level=\"1\"><span style=\"font-weight: 400;\">Klient przy\u0142o\u017cy telefon do prezentera<\/span><\/li>\n<li style=\"font-weight: 400;\" aria-level=\"1\"><span style=\"font-weight: 400;\">Na telefonie wy\u015bwietli si\u0119 profil Twojej firmy na Facebooku<\/span><\/li>\n<li style=\"font-weight: 400;\" aria-level=\"1\"><span style=\"font-weight: 400;\">Klient naciska przycisk \u201eobserwuj\u201d, mo\u017ce r\u00f3wnie\u017c wystawi\u0107 opini\u0119<\/span><\/li>\n<\/ol>\n<p><span style=\"font-weight: 400;\">Opinie zebrane w ten spos\u00f3b s\u0105 wiarygodne dla Google. Dlaczego? Poniewa\u017c ka\u017cdy klient wystawia j\u0105 ze swojego w\u0142asnego adresu IP, a dzi\u0119ki lokalizacji, Google wie, \u017ce klient naprawd\u0119 odwiedzi\u0142 Tw\u00f3j lokal.<\/span><\/p>\n<p>&nbsp;<\/p>\n<p><b>Dane techniczne<\/b><\/p>\n<p><span style=\"font-weight: 400;\">Materia\u0142: Przezroczysty plexiglass<\/span><\/p>\n<p><span style=\"font-weight: 400;\">Wymiary: 12 x 12 cm<\/span><\/p>\n","protected":false},"excerpt":{"rendered":"<p>Kwadratowy prezenter plexi dedykowany do zbierania opinii oraz obserwuj\u0105cych na Facebooku!<\/p>\n","protected":false},"featured_media":778,"comment_status":"closed","ping_status":"closed","template":"","meta":[],"product_brand":[],"product_cat":[44,29],"product_tag":[],"class_list":{"0":"post-703","1":"product","2":"type-product","3":"status-publish","4":"has-post-thumbnail","6":"product_cat-prezentery-kwadratowe-plexi","7":"product_cat-prezentery-nfc","9":"first","10":"instock","11":"featured","12":"shipping-taxable","13":"purchasable","14":"product-type-simple"},"_links":{"self":[{"href":"https:\/\/testy.opinieo.pl\/index.php?rest_route=\/wp\/v2\/product\/703","targetHints":{"allow":["GET"]}}],"collection":[{"href":"https:\/\/testy.opinieo.pl\/index.php?rest_route=\/wp\/v2\/product"}],"about":[{"href":"https:\/\/testy.opinieo.pl\/index.php?rest_route=\/wp\/v2\/types\/product"}],"replies":[{"embeddable":true,"href":"https:\/\/testy.opinieo.pl\/index.php?rest_route=%2Fwp%2Fv2%2Fcomments&post=703"}],"version-history":[{"count":1,"href":"https:\/\/testy.opinieo.pl\/index.php?rest_route=\/wp\/v2\/product\/703\/revisions"}],"predecessor-version":[{"id":779,"href":"https:\/\/testy.opinieo.pl\/index.php?rest_route=\/wp\/v2\/product\/703\/revisions\/779"}],"wp:featuredmedia":[{"embeddable":true,"href":"https:\/\/testy.opinieo.pl\/index.php?rest_route=\/wp\/v2\/media\/778"}],"wp:attachment":[{"href":"https:\/\/testy.opinieo.pl\/index.php?rest_route=%2Fwp%2Fv2%2Fmedia&parent=703"}],"wp:term":[{"taxonomy":"product_brand","embeddable":true,"href":"https:\/\/testy.opinieo.pl\/index.php?rest_route=%2Fwp%2Fv2%2Fproduct_brand&post=703"},{"taxonomy":"product_cat","embeddable":true,"href":"https:\/\/testy.opinieo.pl\/index.php?rest_route=%2Fwp%2Fv2%2Fproduct_cat&post=703"},{"taxonomy":"product_tag","embeddable":true,"href":"https:\/\/testy.opinieo.pl\/index.php?rest_route=%2Fwp%2Fv2%2Fproduct_tag&post=703"}],"curies":[{"name":"wp","href":"https:\/\/api.w.org\/{rel}","templated":true}]}}