{"id":634,"date":"2025-06-09T10:59:06","date_gmt":"2025-06-09T08:59:06","guid":{"rendered":"https:\/\/testy.opinieo.pl\/?post_type=product&#038;p=634"},"modified":"2025-06-30T22:10:13","modified_gmt":"2025-06-30T20:10:13","slug":"prezenter-nfc-opinieo-universal-2","status":"publish","type":"product","link":"https:\/\/testy.opinieo.pl\/?product=prezenter-nfc-opinieo-universal-2","title":{"rendered":"Prezenter NFC Opinieo\u00ae &#8211; Universal 2"},"content":{"rendered":"<p>&nbsp;<\/p>\n<p><b>Tabliczka pleksi do zbierania opinii NFC Opinieo\u00ae<\/b><\/p>\n<p><b>&#x1f449; seria Universal<\/b><\/p>\n<p><b>&#x1f449; wysokiej klasy chip NFC<\/b><\/p>\n<p><b>&#x1f449; dzia\u0142a z Android i IOS<\/b><\/p>\n<p><b>&#x1f449; QR kod w cenie<\/b><\/p>\n<p><b>&#x1f449; stabilna podstawka z drewna naturalnego<\/b><\/p>\n<p><b>&#x1f449; nadruk UV po jednej stronie tabliczki<\/b><\/p>\n<p>&nbsp;<\/p>\n<p><b>Wst\u0119p<\/b><\/p>\n<p><span style=\"font-weight: 400;\">Prezenter NFC Opinieo\u00ae do zbierania opinii w Internecie. Jest wykonany z wytrzyma\u0142ej Plexi oraz zadrukowany w technologii UV. Podstawka wykonana jest z naturalnego drewna. Dzi\u0119ki temu prezenter doskonale wpisze si\u0119 w wizerunek wszystkich firm i lokali, kt\u00f3re podkre\u015blaj\u0105 naturalno\u015b\u0107 i przywi\u0105zanie do natury.\u00a0<\/span><\/p>\n<p>&nbsp;<\/p>\n<p><b>Seria Universal<\/b><\/p>\n<p><span style=\"font-weight: 400;\">Wychodz\u0105c naprzeciw Waszym potrzebom, stworzyli\u015bmy nowe uniwersalne grafiki dla produkt\u00f3w Opinieo! Seria Universal stawia na proste, przejrzyste i estetyczne grafiki, kt\u00f3re swoim wygl\u0105dem nawi\u0105zuj\u0105 do kolorystyki Google &#8211; najwi\u0119kszej platformy, na kt\u00f3rej klienci sprawdzaj\u0105 opinie o Waszych firmach.<\/span><\/p>\n<p>&nbsp;<\/p>\n<p><b>Prezentery NFC Opinieo\u00ae<\/b><\/p>\n<p><span style=\"font-weight: 400;\">Wykonane z wytrzyma\u0142ego tworzywa sztucznego, zadrukowane w odpornej na zarysowania technologii UV. Prezentery NFC Opinieo\u00ae doskonale sprawdz\u0105 si\u0119 we wszystkich lokalach, w kt\u00f3rych klienci mijaj\u0105 je w newralgicznych punktach. Postaw je na recepcji, przy barze lub przy kasie!<\/span><\/p>\n<p>&nbsp;<\/p>\n<p><b>Jak to dzia\u0142a<\/b><\/p>\n<p><span style=\"font-weight: 400;\">Skuteczno\u015b\u0107 prezenter\u00f3w Opinieo\u00ae tkwi w prostocie i skr\u00f3ceniu czasu wystawienia opinii do minimum. Wystarczy, \u017ce:<\/span><\/p>\n<ol>\n<li style=\"font-weight: 400;\" aria-level=\"1\"><span style=\"font-weight: 400;\">Klient przy\u0142o\u017cy telefon do prezentera<\/span><\/li>\n<li style=\"font-weight: 400;\" aria-level=\"1\"><span style=\"font-weight: 400;\">Na telefonie wy\u015bwietli si\u0119 okno do wystawienia opinii.<\/span><\/li>\n<li style=\"font-weight: 400;\" aria-level=\"1\"><span style=\"font-weight: 400;\">Klient zaznacza liczb\u0119 gwiazdek, ewentualnie pisze kr\u00f3tki komentarz<\/span><\/li>\n<li style=\"font-weight: 400;\" aria-level=\"1\"><span style=\"font-weight: 400;\">Po zaakceptowaniu, opinia jest gotowa!<\/span><\/li>\n<\/ol>\n<p><span style=\"font-weight: 400;\">Opinie zebrane w ten spos\u00f3b s\u0105 wiarygodne dla Google. Dlaczego? Poniewa\u017c ka\u017cdy klient wystawia j\u0105 ze swojego w\u0142asnego adresu IP, a dzi\u0119ki lokalizacji, Google wie, \u017ce klient naprawd\u0119 odwiedzi\u0142 Tw\u00f3j lokal.<\/span><\/p>\n<p>&nbsp;<\/p>\n<p><b>Dane techniczne<\/b><\/p>\n<p><span style=\"font-weight: 400;\">Materia\u0142: tworzywo sztuczne<\/span><\/p>\n<p><span style=\"font-weight: 400;\">Wymiary: 15 x 9,5 cm.<\/span><\/p>\n","protected":false},"excerpt":{"rendered":"<p>Tabliczka do zbierania opinii od Opinieo. Seria Universal nawi\u0105zuje wygl\u0105dem do najwi\u0119kszej platformy, na kt\u00f3rej klienci sprawdzaj\u0105 opinie o Waszych firmach.<\/p>\n","protected":false},"featured_media":738,"comment_status":"closed","ping_status":"closed","template":"","meta":[],"product_brand":[],"product_cat":[29,35],"product_tag":[],"class_list":{"0":"post-634","1":"product","2":"type-product","3":"status-publish","4":"has-post-thumbnail","6":"product_cat-prezentery-nfc","7":"product_cat-prezentery-universal","9":"first","10":"instock","11":"featured","12":"shipping-taxable","13":"purchasable","14":"product-type-simple"},"_links":{"self":[{"href":"https:\/\/testy.opinieo.pl\/index.php?rest_route=\/wp\/v2\/product\/634","targetHints":{"allow":["GET"]}}],"collection":[{"href":"https:\/\/testy.opinieo.pl\/index.php?rest_route=\/wp\/v2\/product"}],"about":[{"href":"https:\/\/testy.opinieo.pl\/index.php?rest_route=\/wp\/v2\/types\/product"}],"replies":[{"embeddable":true,"href":"https:\/\/testy.opinieo.pl\/index.php?rest_route=%2Fwp%2Fv2%2Fcomments&post=634"}],"version-history":[{"count":1,"href":"https:\/\/testy.opinieo.pl\/index.php?rest_route=\/wp\/v2\/product\/634\/revisions"}],"predecessor-version":[{"id":739,"href":"https:\/\/testy.opinieo.pl\/index.php?rest_route=\/wp\/v2\/product\/634\/revisions\/739"}],"wp:featuredmedia":[{"embeddable":true,"href":"https:\/\/testy.opinieo.pl\/index.php?rest_route=\/wp\/v2\/media\/738"}],"wp:attachment":[{"href":"https:\/\/testy.opinieo.pl\/index.php?rest_route=%2Fwp%2Fv2%2Fmedia&parent=634"}],"wp:term":[{"taxonomy":"product_brand","embeddable":true,"href":"https:\/\/testy.opinieo.pl\/index.php?rest_route=%2Fwp%2Fv2%2Fproduct_brand&post=634"},{"taxonomy":"product_cat","embeddable":true,"href":"https:\/\/testy.opinieo.pl\/index.php?rest_route=%2Fwp%2Fv2%2Fproduct_cat&post=634"},{"taxonomy":"product_tag","embeddable":true,"href":"https:\/\/testy.opinieo.pl\/index.php?rest_route=%2Fwp%2Fv2%2Fproduct_tag&post=634"}],"curies":[{"name":"wp","href":"https:\/\/api.w.org\/{rel}","templated":true}]}}