{"id":550,"date":"2025-06-09T10:58:43","date_gmt":"2025-06-09T08:58:43","guid":{"rendered":"https:\/\/testy.opinieo.pl\/?post_type=product&#038;p=550"},"modified":"2025-06-30T22:10:13","modified_gmt":"2025-06-30T20:10:13","slug":"karta-nfc-opinieo","status":"publish","type":"product","link":"https:\/\/testy.opinieo.pl\/?product=karta-nfc-opinieo","title":{"rendered":"Karta NFC Opinieo\u00ae"},"content":{"rendered":"<p><span style=\"font-weight: 400;\"><strong><em>Podstawowy pakiet z jedn\u0105 kart\u0105 NFC Opinieo<\/em><\/strong><\/span><\/p>\n<p><!--more--><\/p>\n<p><b>Karta NFC Google do zbierania opinii Opinieo\u00ae<\/b><\/p>\n<p><b>&#x1f449; wysokiej klasy chip NFC<\/b><\/p>\n<p><b>&#x1f449; dzia\u0142a z Android i IOS<\/b><\/p>\n<p><b>&#x1f449; QR kod w cenie<\/b><\/p>\n<p><b>&#x1f449; wymiary karty bankomatowej<\/b><\/p>\n<p><b>&#x1f449; etui ochronne GRATIS<\/b><\/p>\n<p>&nbsp;<\/p>\n<p><b>Wst\u0119p<\/b><\/p>\n<p><span style=\"font-weight: 400;\">Niezawodne narz\u0119dzie, dzi\u0119ki kt\u00f3remu nareszcie zdob\u0119dziesz takie opinie o swojej firmie, na jakie zas\u0142ugujesz! Karta Opinieo\u00ae bazuje na technologii NFC, dzi\u0119ki kt\u00f3rej od razu po przy\u0142o\u017ceniu telefonu, przekierowuje Twojego klienta do formularza wystawienia opinii.<\/span><\/p>\n<p>&nbsp;<\/p>\n<p><b>Karty NFC Opinieo\u00ae<\/b><\/p>\n<p><span style=\"font-weight: 400;\">Wytrzyma\u0142a karta z tworzywa sztucznego, wyposa\u017cona w niezawodny chip NFC. Wygl\u0105dem i w\u0142a\u015bciwo\u015bciami zbli\u017cona do doskonale znanych kart bankomatowych. Grafika na karcie to nadruk termotransferowy &#8211; nie naklejka, jak w przypadku innych firm. Dzi\u0119ki temu nie odklei si\u0119 ani nie uszkodzi, np. podczas chowania do kieszeni.<\/span><\/p>\n<p>&nbsp;<\/p>\n<p><b>Etui zabezpieczaj\u0105ce<\/b><\/p>\n<p><span style=\"font-weight: 400;\">Karty NFC mo\u017cna \u0142atwo porysowa\u0107, np. nosz\u0105c je w kieszeni razem z kluczami lub z innymi kartami w portfelu. Dlatego ka\u017cda karta Opinieo\u00ae przychodzi do Ciebie wyposa\u017cona w dodatkowe ochronne etui. Etui nie blokuje przep\u0142ywu fal radiowych i nie wp\u0142ywa na funkcjonalno\u015b\u0107 produkt\u00f3w.<\/span><\/p>\n<p><span style=\"font-weight: 400;\">Karty mo\u017cesz r\u00f3wnie\u017c wyj\u0105\u0107 z etui, aby wyeksponowa\u0107 je w pe\u0142nej krasie &#8211; na przyk\u0142ad na drewnianej podstawce Opinieo\u00ae<\/span><\/p>\n<p>&nbsp;<\/p>\n<p><b>Jak to dzia\u0142a<\/b><\/p>\n<p><span style=\"font-weight: 400;\">Skuteczno\u015b\u0107 kart Opinieo\u00ae tkwi w prostocie i skr\u00f3ceniu czasu wystawienia opinii do minimum. Wystarczy, \u017ce:<\/span><\/p>\n<ol>\n<li style=\"font-weight: 400;\" aria-level=\"1\"><span style=\"font-weight: 400;\">Klient przy\u0142o\u017cy telefon do karty<\/span><\/li>\n<li style=\"font-weight: 400;\" aria-level=\"1\"><span style=\"font-weight: 400;\">Na telefonie wy\u015bwietli si\u0119 okno do wystawienia opinii.<\/span><\/li>\n<li style=\"font-weight: 400;\" aria-level=\"1\"><span style=\"font-weight: 400;\">Klient zaznacza liczb\u0119 gwiazdek, ewentualnie pisze kr\u00f3tki komentarz<\/span><\/li>\n<li style=\"font-weight: 400;\" aria-level=\"1\"><span style=\"font-weight: 400;\">Po zaakceptowaniu, opinia jest gotowa!<\/span><\/li>\n<\/ol>\n<p><span style=\"font-weight: 400;\">Opinie zebrane w ten spos\u00f3b s\u0105 wiarygodne dla Google. Dlaczego? Poniewa\u017c ka\u017cdy klient wystawia j\u0105 ze swojego w\u0142asnego adresu IP, a dzi\u0119ki lokalizacji, Google wie, \u017ce klient naprawd\u0119 odwiedzi\u0142 Tw\u00f3j lokal.<\/span><\/p>\n<p>&nbsp;<\/p>\n<p><b>Dane techniczne<\/b><\/p>\n<p><span style=\"font-weight: 400;\">Materia\u0142: tworzywo sztuczne<\/span><\/p>\n<p><span style=\"font-weight: 400;\">Wymiary: 8,5 x 5,5 cm.<\/span><\/p>\n<p>&nbsp;<\/p>\n<p><span style=\"font-weight: 400;\"><strong><em>W ramach pakietu otrzymujesz:<\/em><\/strong><\/span><\/p>\n<ul>\n<li><span style=\"font-weight: 400;\">Kart\u0119 NFC do zbierania opinii z grafik\u0105 Opinieo<\/span><\/li>\n<li><span style=\"font-weight: 400;\">Ochronne foliowe etui na kart\u0119<\/span><\/li>\n<li><span style=\"font-weight: 400;\">Bezp\u0142atne wsparcie supportu<\/span><\/li>\n<\/ul>\n","protected":false},"excerpt":{"rendered":"<p>Podstawowy pakiet z jedn\u0105 kart\u0105. Doskona\u0142y na pr\u00f3b\u0119 i dla tych, kt\u00f3rzy prowadz\u0105 jednoosobow\u0105 dzia\u0142alno\u015b\u0107 lub sami maj\u0105 kontakt z klientem. Miej kart\u0119 zawsze przy sobie i u\u017cywaj przy ka\u017cdej okazji!<\/p>\n","protected":false},"featured_media":638,"comment_status":"closed","ping_status":"closed","template":"","meta":[],"product_brand":[],"product_cat":[18],"product_tag":[],"class_list":{"0":"post-550","1":"product","2":"type-product","3":"status-publish","4":"has-post-thumbnail","6":"product_cat-karty","8":"first","9":"instock","10":"featured","11":"shipping-taxable","12":"purchasable","13":"product-type-simple"},"_links":{"self":[{"href":"https:\/\/testy.opinieo.pl\/index.php?rest_route=\/wp\/v2\/product\/550","targetHints":{"allow":["GET"]}}],"collection":[{"href":"https:\/\/testy.opinieo.pl\/index.php?rest_route=\/wp\/v2\/product"}],"about":[{"href":"https:\/\/testy.opinieo.pl\/index.php?rest_route=\/wp\/v2\/types\/product"}],"replies":[{"embeddable":true,"href":"https:\/\/testy.opinieo.pl\/index.php?rest_route=%2Fwp%2Fv2%2Fcomments&post=550"}],"version-history":[{"count":1,"href":"https:\/\/testy.opinieo.pl\/index.php?rest_route=\/wp\/v2\/product\/550\/revisions"}],"predecessor-version":[{"id":639,"href":"https:\/\/testy.opinieo.pl\/index.php?rest_route=\/wp\/v2\/product\/550\/revisions\/639"}],"wp:featuredmedia":[{"embeddable":true,"href":"https:\/\/testy.opinieo.pl\/index.php?rest_route=\/wp\/v2\/media\/638"}],"wp:attachment":[{"href":"https:\/\/testy.opinieo.pl\/index.php?rest_route=%2Fwp%2Fv2%2Fmedia&parent=550"}],"wp:term":[{"taxonomy":"product_brand","embeddable":true,"href":"https:\/\/testy.opinieo.pl\/index.php?rest_route=%2Fwp%2Fv2%2Fproduct_brand&post=550"},{"taxonomy":"product_cat","embeddable":true,"href":"https:\/\/testy.opinieo.pl\/index.php?rest_route=%2Fwp%2Fv2%2Fproduct_cat&post=550"},{"taxonomy":"product_tag","embeddable":true,"href":"https:\/\/testy.opinieo.pl\/index.php?rest_route=%2Fwp%2Fv2%2Fproduct_tag&post=550"}],"curies":[{"name":"wp","href":"https:\/\/api.w.org\/{rel}","templated":true}]}}