{"id":539,"date":"2025-06-09T10:58:42","date_gmt":"2025-06-09T08:58:42","guid":{"rendered":"https:\/\/testy.opinieo.pl\/?post_type=product&#038;p=539"},"modified":"2025-06-30T22:10:13","modified_gmt":"2025-06-30T20:10:13","slug":"prezenter-dwustronny-nfc-dark","status":"publish","type":"product","link":"https:\/\/testy.opinieo.pl\/?product=prezenter-dwustronny-nfc-dark","title":{"rendered":"Prezenter dwustronny NFC &#8211; Dark"},"content":{"rendered":"<p><em><strong>Klasyczny dwustronny prezenter NFC od Opinieo<\/strong><\/em><\/p>\n<p><!--more--><\/p>\n<p><b>&#x1f449; wysokiej klasy chip NFC<\/b><\/p>\n<p><b>&#x1f449; dzia\u0142a z Android i IOS<\/b><\/p>\n<p><b>&#x1f449; QR kod w cenie<\/b><\/p>\n<p><b>&#x1f449; stabilna podstawka z drewna naturalnego<\/b><\/p>\n<p><b>&#x1f449; nadruk UV po obu stronach tabliczki<\/b><\/p>\n<p>&nbsp;<\/p>\n<p><b>Wst\u0119p<\/b><\/p>\n<p><span style=\"font-weight: 400;\">Prezenter NFC Opinieo\u00ae do zbierania opinii w Internecie w wersji dwustronnej. Jest wykonany z wytrzyma\u0142ej Plexi oraz zadrukowany w technologii UV. Podstawka wykonana jest z naturalnego drewna. Dzi\u0119ki temu prezenter doskonale wpisze si\u0119 w wizerunek wszystkich firm i lokali, kt\u00f3re podkre\u015blaj\u0105 naturalno\u015b\u0107 i przywi\u0105zanie do natury.\u00a0<\/span><\/p>\n<p>&nbsp;<\/p>\n<p><b>Prezentery NFC Opinieo\u00ae<\/b><\/p>\n<p><span style=\"font-weight: 400;\">Wykonane z wytrzyma\u0142ego tworzywa sztucznego, zadrukowane w odpornej na zarysowania technologii UV. Prezentery NFC Opinieo\u00ae doskonale sprawdz\u0105 si\u0119 we wszystkich lokalach, w kt\u00f3rych klienci mijaj\u0105 je w newralgicznych punktach. Postaw je na recepcji, przy barze lub przy kasie!<\/span><\/p>\n<p>&nbsp;<\/p>\n<p><b>Jak to dzia\u0142a<\/b><\/p>\n<p><span style=\"font-weight: 400;\">Skuteczno\u015b\u0107 prezenter\u00f3w Opinieo\u00ae tkwi w prostocie i skr\u00f3ceniu czasu wystawienia opinii do minimum. Wystarczy, \u017ce:<\/span><\/p>\n<ol>\n<li style=\"font-weight: 400;\" aria-level=\"1\"><span style=\"font-weight: 400;\">Klient przy\u0142o\u017cy telefon do prezentera<\/span><\/li>\n<li style=\"font-weight: 400;\" aria-level=\"1\"><span style=\"font-weight: 400;\">Na telefonie wy\u015bwietli si\u0119 okno do wystawienia opinii.<\/span><\/li>\n<li style=\"font-weight: 400;\" aria-level=\"1\"><span style=\"font-weight: 400;\">Klient zaznacza liczb\u0119 gwiazdek, ewentualnie pisze kr\u00f3tki komentarz<\/span><\/li>\n<li style=\"font-weight: 400;\" aria-level=\"1\"><span style=\"font-weight: 400;\">Po zaakceptowaniu, opinia jest gotowa!<\/span><\/li>\n<\/ol>\n<p><span style=\"font-weight: 400;\">Opinie zebrane w ten spos\u00f3b s\u0105 wiarygodne dla Google. Dlaczego? Poniewa\u017c ka\u017cdy klient wystawia j\u0105 ze swojego w\u0142asnego adresu IP, a dzi\u0119ki lokalizacji, Google wie, \u017ce klient naprawd\u0119 odwiedzi\u0142 Tw\u00f3j lokal.<\/span><\/p>\n<p>&nbsp;<\/p>\n<p><b>Dane techniczne<\/b><\/p>\n<p><span style=\"font-weight: 400;\">Materia\u0142: tworzywo sztuczne<\/span><\/p>\n<p><span style=\"font-weight: 400;\">Wymiary: 15 x 9,5 cm<\/span><\/p>\n<p><em><strong>Zestaw obejmuje:<br \/>\n<\/strong><\/em><span style=\"font-weight: 400;\">Prezenter NFC dwustronny<br \/>\n<\/span><span style=\"font-weight: 400;\">Drewnian\u0105 podstawk\u0119<\/span><\/p>\n","protected":false},"excerpt":{"rendered":"<p><span style=\"font-weight: 400;\">Idealny do umieszczenia w wa\u017cnych punktach lokalu. Prezenter do zbierania opinii zawiera chip NFC oraz kod QR, dzi\u0119ki kt\u00f3rym bez trudu przekierujesz klient\u00f3w bezpo\u015brednio do wystawienia opinii w Google lub innym wybranym miejscu.<\/span><\/p>\n","protected":false},"featured_media":591,"comment_status":"closed","ping_status":"closed","template":"","meta":[],"product_brand":[],"product_cat":[41,29],"product_tag":[30],"class_list":{"0":"post-539","1":"product","2":"type-product","3":"status-publish","4":"has-post-thumbnail","6":"product_cat-prezentery-dwustronne","7":"product_cat-prezentery-nfc","8":"product_tag-28-03-2024-o-1339","10":"first","11":"instock","12":"sale","13":"featured","14":"shipping-taxable","15":"purchasable","16":"product-type-variable"},"_links":{"self":[{"href":"https:\/\/testy.opinieo.pl\/index.php?rest_route=\/wp\/v2\/product\/539","targetHints":{"allow":["GET"]}}],"collection":[{"href":"https:\/\/testy.opinieo.pl\/index.php?rest_route=\/wp\/v2\/product"}],"about":[{"href":"https:\/\/testy.opinieo.pl\/index.php?rest_route=\/wp\/v2\/types\/product"}],"replies":[{"embeddable":true,"href":"https:\/\/testy.opinieo.pl\/index.php?rest_route=%2Fwp%2Fv2%2Fcomments&post=539"}],"version-history":[{"count":1,"href":"https:\/\/testy.opinieo.pl\/index.php?rest_route=\/wp\/v2\/product\/539\/revisions"}],"predecessor-version":[{"id":592,"href":"https:\/\/testy.opinieo.pl\/index.php?rest_route=\/wp\/v2\/product\/539\/revisions\/592"}],"wp:featuredmedia":[{"embeddable":true,"href":"https:\/\/testy.opinieo.pl\/index.php?rest_route=\/wp\/v2\/media\/591"}],"wp:attachment":[{"href":"https:\/\/testy.opinieo.pl\/index.php?rest_route=%2Fwp%2Fv2%2Fmedia&parent=539"}],"wp:term":[{"taxonomy":"product_brand","embeddable":true,"href":"https:\/\/testy.opinieo.pl\/index.php?rest_route=%2Fwp%2Fv2%2Fproduct_brand&post=539"},{"taxonomy":"product_cat","embeddable":true,"href":"https:\/\/testy.opinieo.pl\/index.php?rest_route=%2Fwp%2Fv2%2Fproduct_cat&post=539"},{"taxonomy":"product_tag","embeddable":true,"href":"https:\/\/testy.opinieo.pl\/index.php?rest_route=%2Fwp%2Fv2%2Fproduct_tag&post=539"}],"curies":[{"name":"wp","href":"https:\/\/api.w.org\/{rel}","templated":true}]}}