{"id":1506,"date":"2025-10-13T11:12:56","date_gmt":"2025-10-13T09:12:56","guid":{"rendered":"https:\/\/testy.opinieo.pl\/?post_type=product&#038;p=1506"},"modified":"2025-10-13T11:16:20","modified_gmt":"2025-10-13T09:16:20","slug":"prezenter-opinieo-universal-z-logo-firmy-1-kopia-2","status":"publish","type":"product","link":"https:\/\/testy.opinieo.pl\/?product=prezenter-opinieo-universal-z-logo-firmy-1-kopia-2","title":{"rendered":"Prezenter Opinieo Universal z logo firmy  1 (Kopia)"},"content":{"rendered":"<p><b>Tabliczka pleksi gi\u0119ta NFC do zbierania opinii Opinieo\u00ae z Twoim logo<\/b><\/p>\n<p><b>\ud83d\udc49 seria Universal<\/b><\/p>\n<p><b>\ud83d\udc49 wbudowany chip NFC<\/b><\/p>\n<p><b>\ud83d\udc49 dzia\u0142a z Android i IOS<\/b><\/p>\n<p><b>\ud83d\udc49 QR kod w cenie<\/b><\/p>\n<p><b>\ud83d\udc49 wykonany z wytrzyma\u0142ej pleksi<\/b><\/p>\n<p><b>\ud83d\udc49 mo\u017cliwo\u015b\u0107 umieszczenia logo Twojej firmy*<\/b><\/p>\n<p>*Prosimy o przes\u0142anie logo firmy na adres: kontakt@opinieo.pl<\/p>\n<p>&nbsp;<\/p>\n<p><b>O produkcie<\/b><\/p>\n<p><span style=\"font-weight: 400;\">Prezenter NFC Opinieo\u00ae do zbierania opinii w Internecie. Na tabliczce mo\u017cemy umie\u015bci\u0107 logo Twojej firmy, dzi\u0119ki czemu jeszcze lepiej dopasujesz j\u0105 do swojej identyfikacji wizualnej! Doskonale sprawdzi si\u0119 w restauracji, hotelu, sklepie i wsz\u0119dzie tam, gdzie kontakt z ni\u0105 b\u0119d\u0105 mieli Twoi klienci! Logo zostanie umieszczone w miejscu oznaczonym na tabliczce.<\/span><\/p>\n<p>&nbsp;<\/p>\n<p><b>Seria Universal<\/b><\/p>\n<p><span style=\"font-weight: 400;\">Wychodz\u0105c naprzeciw Waszym potrzebom, stworzyli\u015bmy nowe uniwersalne grafiki dla produkt\u00f3w Opinieo! Seria Universal stawia na proste, przejrzyste i estetyczne grafiki, kt\u00f3re swoim wygl\u0105dem nawi\u0105zuj\u0105 do kolorystyki Google &#8211; najwi\u0119kszej platformy, na kt\u00f3rej klienci sprawdzaj\u0105 opinie o Waszych firmach.<\/span><\/p>\n<p>&nbsp;<\/p>\n<p><b>Prezentery NFC Opinieo\u00ae<\/b><\/p>\n<p><span style=\"font-weight: 400;\">Wykonane z wytrzyma\u0142ego tworzywa sztucznego, zadrukowane w odpornej na zarysowania technologii UV. Prezentery NFC Opinieo\u00ae doskonale sprawdz\u0105 si\u0119 we wszystkich lokalach, w kt\u00f3rych klienci mijaj\u0105 je w newralgicznych punktach. Postaw je na recepcji, przy barze lub przy kasie!<\/span><\/p>\n<p>&nbsp;<\/p>\n<p><b>Jak to dzia\u0142a<\/b><\/p>\n<p><span style=\"font-weight: 400;\">Skuteczno\u015b\u0107 prezenter\u00f3w Opinieo\u00ae tkwi w prostocie i skr\u00f3ceniu czasu wystawienia opinii do minimum. Wystarczy, \u017ce:<\/span><\/p>\n<ol>\n<li style=\"font-weight: 400;\" aria-level=\"1\"><span style=\"font-weight: 400;\">Klient przy\u0142o\u017cy telefon do prezentera<\/span><\/li>\n<li style=\"font-weight: 400;\" aria-level=\"1\"><span style=\"font-weight: 400;\">Na telefonie wy\u015bwietli si\u0119 okno do wystawienia opinii.<\/span><\/li>\n<li style=\"font-weight: 400;\" aria-level=\"1\"><span style=\"font-weight: 400;\">Klient zaznacza liczb\u0119 gwiazdek, ewentualnie pisze kr\u00f3tki komentarz<\/span><\/li>\n<li style=\"font-weight: 400;\" aria-level=\"1\"><span style=\"font-weight: 400;\">Po zaakceptowaniu, opinia jest gotowa!<\/span><\/li>\n<\/ol>\n<p><span style=\"font-weight: 400;\">Opinie zebrane w ten spos\u00f3b s\u0105 wiarygodne dla Google. Dlaczego? Poniewa\u017c ka\u017cdy klient wystawia j\u0105 ze swojego w\u0142asnego adresu IP, a dzi\u0119ki lokalizacji, Google wie, \u017ce klient naprawd\u0119 odwiedzi\u0142 Tw\u00f3j lokal.<\/span><\/p>\n<p>&nbsp;<\/p>\n<p><b>Dane techniczne<\/b><\/p>\n<p><span style=\"font-weight: 400;\">Materia\u0142: tworzywo sztuczne<\/span><\/p>\n<p><span style=\"font-weight: 400;\">Wymiary: 15 x 9,5 cm<\/span><\/p>\n","protected":false},"excerpt":{"rendered":"<p>Prezenter z serii Universal, na kt\u00f3rym umie\u015bcisz logo swojej firmy!<\/p>\n","protected":false},"featured_media":1512,"comment_status":"closed","ping_status":"closed","template":"","meta":[],"product_brand":[],"product_cat":[26,39,33,29,35],"product_tag":[],"class_list":{"0":"post-1506","1":"product","2":"type-product","3":"status-publish","4":"has-post-thumbnail","6":"product_cat-personalizowane","7":"product_cat-prezentery-giete","8":"product_cat-prezentery-led","9":"product_cat-prezentery-nfc","10":"product_cat-prezentery-universal","12":"first","13":"instock","14":"featured","15":"shipping-taxable","16":"purchasable","17":"product-type-simple"},"_links":{"self":[{"href":"https:\/\/testy.opinieo.pl\/index.php?rest_route=\/wp\/v2\/product\/1506","targetHints":{"allow":["GET"]}}],"collection":[{"href":"https:\/\/testy.opinieo.pl\/index.php?rest_route=\/wp\/v2\/product"}],"about":[{"href":"https:\/\/testy.opinieo.pl\/index.php?rest_route=\/wp\/v2\/types\/product"}],"replies":[{"embeddable":true,"href":"https:\/\/testy.opinieo.pl\/index.php?rest_route=%2Fwp%2Fv2%2Fcomments&post=1506"}],"version-history":[{"count":1,"href":"https:\/\/testy.opinieo.pl\/index.php?rest_route=\/wp\/v2\/product\/1506\/revisions"}],"predecessor-version":[{"id":1515,"href":"https:\/\/testy.opinieo.pl\/index.php?rest_route=\/wp\/v2\/product\/1506\/revisions\/1515"}],"wp:featuredmedia":[{"embeddable":true,"href":"https:\/\/testy.opinieo.pl\/index.php?rest_route=\/wp\/v2\/media\/1512"}],"wp:attachment":[{"href":"https:\/\/testy.opinieo.pl\/index.php?rest_route=%2Fwp%2Fv2%2Fmedia&parent=1506"}],"wp:term":[{"taxonomy":"product_brand","embeddable":true,"href":"https:\/\/testy.opinieo.pl\/index.php?rest_route=%2Fwp%2Fv2%2Fproduct_brand&post=1506"},{"taxonomy":"product_cat","embeddable":true,"href":"https:\/\/testy.opinieo.pl\/index.php?rest_route=%2Fwp%2Fv2%2Fproduct_cat&post=1506"},{"taxonomy":"product_tag","embeddable":true,"href":"https:\/\/testy.opinieo.pl\/index.php?rest_route=%2Fwp%2Fv2%2Fproduct_tag&post=1506"}],"curies":[{"name":"wp","href":"https:\/\/api.w.org\/{rel}","templated":true}]}}