{"id":3,"date":"2025-06-03T15:29:06","date_gmt":"2025-06-03T13:29:06","guid":{"rendered":"https:\/\/testy.opinieo.pl\/?page_id=3"},"modified":"2025-06-09T11:24:21","modified_gmt":"2025-06-09T09:24:21","slug":"polityka-prywatnosci","status":"publish","type":"page","link":"https:\/\/testy.opinieo.pl\/?page_id=3","title":{"rendered":"Polityka prywatno\u015bci"},"content":{"rendered":"\n<h2 class=\"wp-block-heading\">Postanowienia og\u00f3lne<\/h2>\n\n\n\n<ol class=\"wp-block-list\">\n<li>Administratorem danych jest: Ewelina Wi\u015bniewska, Aleja Armii Krajowej nr 66\/369, 42-200 Cz\u0119stochowa, NIP: 5080017369, REGON: 388610634, tel. 882-825-232<\/li>\n\n\n\n<li>Kontakt z Administratorem jest mo\u017cliwy pod adresem e-mail: rodo@seotracking.pl i tel. 882-825-232<\/li>\n\n\n\n<li>Pa\u0144stwa dane osobowe s\u0105 przetwarzane zgodnie z Rozporz\u0105dzeniem Parlamentu Europejskiego i Rady (UE) 2016\/679 z dnia 27.04.2016 r. w sprawie ochrony os\u00f3b fizycznych w zwi\u0105zku z przetwarzaniem danych osobowych i w sprawie swobodnego przep\u0142ywu takich danych oraz uchylenia dyrektywy 95\/46\/WE (tzw. RODO) oraz zgodnie z ustaw\u0105 z dnia 10.05.2018 r. o ochronie danych osobowych (tj. Dz. U. z 2019 r. poz. 1781)<\/li>\n\n\n\n<li>Administrator dok\u0142ada szczeg\u00f3lnej staranno\u015bci w celu ochrony interes\u00f3w os\u00f3b, kt\u00f3rych dane dotycz\u0105, a w szczeg\u00f3lno\u015bci zapewnia, \u017ce zbierane przez niego dane s\u0105:&nbsp;&nbsp;<\/li>\n<\/ol>\n\n\n\n<ul class=\"wp-block-list\">\n<li>przetwarzane zgodnie z prawem,&nbsp;&nbsp;<\/li>\n\n\n\n<li>zbierane dla oznaczonych, zgodnych z prawem cel\u00f3w i niepoddawane dalszemu przetwarzaniu niezgodnemu z tymi celami,&nbsp;&nbsp;<\/li>\n\n\n\n<li>merytorycznie poprawne i adekwatne w stosunku do cel\u00f3w, w jakich s\u0105 przetwarzane oraz&nbsp;<\/li>\n\n\n\n<li>przechowywane w postaci umo\u017cliwiaj\u0105cej identyfikacj\u0119 os\u00f3b, kt\u00f3rych dotycz\u0105, nie d\u0142u\u017cej ni\u017c jest to niezb\u0119dne do osi\u0105gni\u0119cia celu przetwarzania.<\/li>\n<\/ul>\n\n\n\n<h2 class=\"wp-block-heading\">Dane zbierane automatycznie<\/h2>\n\n\n\n<p>Podczas Pa\u0144stwa wizyty na stronie internetowej www.sklep.seotracking.pl automatycznie zbierane s\u0105 dane: adres IP, nazwa domeny, typ przegl\u0105darki, typ systemu operacyjnego. Dane te nie pozwalaj\u0105 na jednoznaczne zidentyfikowanie Pa\u0144stwa osoby.<\/p>\n\n\n\n<p>Administrator nie przetwarza danych osobowych w spos\u00f3b zautomatyzowany (w tym w formie profilowania) w ten spos\u00f3b, aby w wyniku takiego zautomatyzowanego przetwarzania mog\u0142y zapada\u0107 jakiekolwiek decyzje, mia\u0142y by\u0107 powodowane inne skutki prawne lub w inny spos\u00f3b mia\u0142oby to istotnie wp\u0142ywa\u0107 na Pa\u0144stwa prawa i obowi\u0105zki.<\/p>\n\n\n\n<p>Je\u015bli Pa\u0144stwa dane b\u0119d\u0105 przedmiotem zautomatyzowanego podejmowania decyzji powoduj\u0105cej skutki prawne lub podobnie istotny wp\u0142yw, podejmowanie takich decyzji b\u0119dzie odbywa\u0142o si\u0119 na zasadach okre\u015blonych w tre\u015bci klauzuli zgody, o kt\u00f3rej wyra\u017cenie zwr\u00f3cimy si\u0119 w odr\u0119bnym o\u015bwiadczeniu.<\/p>\n\n\n\n<h2 class=\"wp-block-heading\">Cel i podstawa prawna przetwarzania danych osobowych<\/h2>\n\n\n\n<p><strong>1 Klienci i osoby wyznaczone do&nbsp; realizacji umowy<\/strong><\/p>\n\n\n\n<p>W przypadku zawarcia umowy z Administratorem lub zamiaru zawarcia takiej umowy, dane, kt\u00f3re przetwarzamy to informacje niezb\u0119dne do realizacji tej umowy. Dane te otrzymali\u015bmy bezpo\u015brednio od Pa\u0144stwa.&nbsp;<\/p>\n\n\n\n<p>Pa\u0144stwa dane osobowe przetwarzane s\u0105 w celu:&nbsp;<\/p>\n\n\n\n<ul class=\"wp-block-list\">\n<li>zawarcia i wykonania umowy (art. 6 ust. 1 lit. b RODO)<\/li>\n\n\n\n<li>realizacji obowi\u0105zk\u00f3w prawnych spoczywaj\u0105cych na Administratorze, w tym w szczeg\u00f3lno\u015bci prowadzenia rachunkowo\u015bci (art. 6 ust. 1 lit. c RODO)<\/li>\n\n\n\n<li>realizacji prawnie uzasadnionego interesu Administratora, polegaj\u0105cego na zapewnieniu obs\u0142ugi niezb\u0119dnej do zawarcia i realizacji umowy, udzieleniu odpowiedzi na kierowan\u0105 korespondencj\u0119, utrzymaniu kontakt\u00f3w biznesowych, jak r\u00f3wnie\u017c na ustaleniu, dochodzeniu i obronie przed roszczeniami (art. 6 ust. 1 lit. f RODO)<\/li>\n<\/ul>\n\n\n\n<p>Podanie danych osobowych jest dobrowolne, jednak jest niezb\u0119dne do nawi\u0105zania wsp\u00f3\u0142pracy i obs\u0142ugi umowy. Odmowa podania danych osobowych b\u0119dzie skutkowa\u0142a brakiem mo\u017cliwo\u015bci zawarcia i realizacji umowy lub udzielenia odpowiedzi na Pa\u0144stwa pytanie.<\/p>\n\n\n\n<p>Dane osobowe zosta\u0142y pozyskane od Pa\u0144stwa. Dane osobowe s\u0105 przetwarzane w zakresie niezb\u0119dnym do zawarcia i realizacji umowy. Przetwarzamy nast\u0119puj\u0105ce kategorie Pa\u0144stwa danych: imi\u0119, nazwisko, adres dostawy zam\u00f3wienia, adres e-mail, nr telefonu, dane dotycz\u0105ce zam\u00f3wienia oraz dane do faktury. W przypadku elektronicznej obs\u0142ugi transakcji \u2013 tak\u017ce login, has\u0142o oraz histori\u0119 zakup\u00f3w i aktywno\u015bci.<\/p>\n\n\n\n<p>Pa\u0144stwa dane b\u0119d\u0105 przetwarzane przez okres realizacji umowy. Pa\u0144stwa dane b\u0119d\u0105 tak\u017ce przechowywane przez okres wymagany przepisami prawa, w szczeg\u00f3lno\u015bci przepisami o rachunkowo\u015bci, za\u015b je\u015bli jest to uzasadnione \u2013 do czasu up\u0142ywu termin\u00f3w przedawnienia roszcze\u0144 wynikaj\u0105cych z zawartej umowy, w zale\u017cno\u015bci, kt\u00f3ry okres jest d\u0142u\u017cszy.<\/p>\n\n\n\n<p><strong>2<\/strong><strong>&nbsp;Koresponduj\u0105cy<\/strong><\/p>\n\n\n\n<p>W przypadku podj\u0119cia kontaktu z Administratorem w innym celu ni\u017c zawarcie umowy, Pa\u0144stwa dane, kt\u00f3re przetwarzamy, stanowi\u0105 dane kontaktowe oraz dane wynikaj\u0105ce z Pa\u0144stwa pytania. Dane te otrzymali\u015bmy bezpo\u015brednio od Pa\u0144stwa.&nbsp;<\/p>\n\n\n\n<ul class=\"wp-block-list\">\n<li>realizacji prawnie uzasadnionego interesu Administratora, polegaj\u0105cego na zapewnieniu obs\u0142ugi korespondencji, udzielenia odpowiedzi na wynikaj\u0105ce z niej pytania, zapewnienia obiegu i archiwizacji dokument\u00f3w (art. 6 ust. 1 lit. f RODO)<\/li>\n<\/ul>\n\n\n\n<p>Podanie danych osobowych jest dobrowolne, jednak jest niezb\u0119dne, by udzieli\u0107 odpowiedzi na Pa\u0144stwa pytanie. Odmowa podania danych osobowych b\u0119dzie skutkowa\u0142a brakiem mo\u017cliwo\u015bci obs\u0142ugi korespondencji i jej niezw\u0142ocznym usuni\u0119ciem.<\/p>\n\n\n\n<p>Przetwarzamy nast\u0119puj\u0105ce kategorie Pa\u0144stwa danych: imi\u0119, nazwisko, adres e-mail, nr telefonu i inne dane wskazane w tre\u015bci zapytania.<\/p>\n\n\n\n<p>Dane przetwarzane s\u0105 przez okresy wskazane przepisami prawa lub przez czas, kiedy ich przechowywanie mie\u015bci si\u0119 w ramach prawnie uzasadnionego celu Administratora regulowanego terminem dochodzenia roszcze\u0144. Okres przechowywania danych stanowi\u0105cych tre\u015b\u0107 korespondencji jest uzale\u017cniony od celu przetwarzania danych, kt\u00f3rego dotyczy dana korespondencja.<\/p>\n\n\n\n<p><strong>3 U\u017cytkownicy i odwiedzaj\u0105cy sklep internetowy<\/strong><\/p>\n\n\n\n<p>W przypadku za\u0142o\u017cenia konta na stronie internetowej Administratora w zwi\u0105zku z planowanym korzystaniem z us\u0142ug elektronicznych, Pa\u0144stwa dane, kt\u00f3re przetwarzamy, stanowi\u0105 dane niezb\u0119dne do korzystania z takiej us\u0142ugi. Dane te otrzymali\u015bmy bezpo\u015brednio od Pa\u0144stwa.&nbsp;<\/p>\n\n\n\n<p><strong>Pa\u0144stwa dane osobowe przetwarzane s\u0105 w celu:<\/strong><\/p>\n\n\n\n<ul class=\"wp-block-list\">\n<li>zapewnienia funkcjonalno\u015bci strony internetowej i u\u0142atwienia korzystania z serwisu (art. 6 ust. 1 lit. b i f RODO)&nbsp;<\/li>\n\n\n\n<li>realizacji um\u00f3w z klientami sklepu internetowego (\u015bwiadczenia us\u0142ug drog\u0105 elektroniczn\u0105) (art. 6 ust. 1 lit. b RODO)<\/li>\n\n\n\n<li>prowadzenia rozlicze\u0144, ksi\u0119gowo\u015bci i sprawozdawczo\u015bci finansowej (art. 6 ust. 1 lit. c i f RODO)<\/li>\n\n\n\n<li>realizacji obowi\u0105zk\u00f3w wynikaj\u0105cych z przepis\u00f3w prawa (art. 6 ust. 1 lit. c RODO)<\/li>\n\n\n\n<li>realizacji uzasadnionego interesu Administratora polegaj\u0105cego na marketingu w\u0142asnych produkt\u00f3w i us\u0142ug (art. 6 ust. 1 lit. f RODO)<\/li>\n<\/ul>\n\n\n\n<p>Podanie danych osobowych jest dobrowolne, jednak jest niezb\u0119dne, by za\u0142o\u017cy\u0107 konto w serwisie. Odmowa podania danych osobowych b\u0119dzie skutkowa\u0142a brakiem mo\u017cliwo\u015bci za\u0142o\u017cenia konta i korzystania z us\u0142ug Administratora w tym zakresie.<\/p>\n\n\n\n<p>Przetwarzamy nast\u0119puj\u0105ce kategorie Pa\u0144stwa danych: imi\u0119, nazwisko, adres dostawy zam\u00f3wienia, adres e-mail, nr telefonu, dane dotycz\u0105ce zam\u00f3wienia, dane do faktury, login, has\u0142o, historie zakup\u00f3w i aktywno\u015bci.<\/p>\n\n\n\n<p>Pa\u0144stwa dane osobowe b\u0119d\u0105 przechowywane do czasu wycofania zgody lub wniesienia sprzeciwu, tj. okazania w dowolny spos\u00f3b, \u017ce nie \u017cycz\u0105 sobie Pa\u0144stwo otrzymywania informacji o naszych us\u0142ugach. Po wycofaniu zgody lub wyra\u017ceniu sprzeciwu, dane osobowe mog\u0105 by\u0107 przechowywane na potrzeby wykazywania prawid\u0142owo\u015bci spe\u0142nienia obowi\u0105zk\u00f3w prawnych spoczywaj\u0105cych na Administratorze lub do czasu up\u0142ywu termin\u00f3w przedawnienia roszcze\u0144, w zale\u017cno\u015bci, kt\u00f3ry termin jest d\u0142u\u017cszy. W przypadku zawarcia z Administratorem umowy (np. w zakresie \u015bwiadczenia us\u0142ug drog\u0105 elektroniczn\u0105, korzystania ze sklepu internetowego), dane osobowe b\u0119d\u0105 przetwarzane przez czas trwania umowy, a je\u015bli jest to uzasadnione \u2013 do up\u0142ywu termin\u00f3w przedawnienia wynikaj\u0105cych z niej roszcze\u0144.<\/p>\n\n\n\n<h2 class=\"wp-block-heading\">Wykorzystywanie danych<\/h2>\n\n\n\n<p>Pa\u0144stwa dane osobowe b\u0119d\u0105 przetwarzane wy\u0142\u0105cznie w zakresie i w celu dozwolonym prawem lub w celu, jaki obejmowa\u0142a Pa\u0144stwa zgoda.&nbsp;<\/p>\n\n\n\n<p>Dane zbierane automatycznie mog\u0105 by\u0107 u\u017cyte do analizy zachowa\u0144 U\u017cytkownik\u00f3w w Serwisie lub te\u017c do zbierania danych demograficznych o U\u017cytkownikach.<\/p>\n\n\n\n<p>Dane zbierane w trakcie korespondencji pomi\u0119dzy Pa\u0144stwem a Administratorem b\u0119d\u0105 wykorzystane wy\u0142\u0105cznie w celu mo\u017cliwie poprawnej, pe\u0142nej i sprawnej odpowiedzi na Pa\u0144stwa pytanie.<\/p>\n\n\n\n<p>Dane zbierane w celu zawarcia lub realizacji umowy pomi\u0119dzy Pa\u0144stwem a Administratorem b\u0119d\u0105 wykorzystane wy\u0142\u0105cznie w celu poprawnej i sprawnej obs\u0142ugi realizacji umowy.<\/p>\n\n\n\n<h2 class=\"wp-block-heading\">Odbiorcy danych<\/h2>\n\n\n\n<p>Dane osobowe b\u0119d\u0105 przekazywane podmiotom przetwarzaj\u0105cym je w imieniu Administratora (w szczeg\u00f3lno\u015bci: podmiotom obs\u0142uguj\u0105cym i dostarczaj\u0105cym systemy IT, podmiotom \u015bwiadcz\u0105cym us\u0142ugi ksi\u0119gowe i prawne) i osobom wsp\u00f3\u0142pracuj\u0105cym, kt\u00f3re musz\u0105 mie\u0107 dost\u0119p do danych, aby wykonywa\u0107 swoje obowi\u0105zki.&nbsp;<\/p>\n\n\n\n<p>W uzasadnionych przypadkach, Administrator mo\u017ce udost\u0119pni\u0107 Pa\u0144stwa dane: organom wymiaru sprawiedliwo\u015bci, urz\u0119dom skarbowym, podmiotom obs\u0142uguj\u0105cym przesy\u0142ki lub bankom.&nbsp;<\/p>\n\n\n\n<p>Nie przekazujemy Pa\u0144stwa danych osobowych do pa\u0144stw trzecich i organizacji mi\u0119dzynarodowych, tj. poza Europejski Obszar Gospodarczy.<\/p>\n\n\n\n<p>Pa\u0144stwa dane osobowe mog\u0105 by\u0107 przekazywane do innych podmiot\u00f3w powi\u0105zanych z Administratorem, co zosta\u0142o przewidziane przez odpowiednie uregulowania prawne \u0142\u0105cz\u0105ce te podmioty.<\/p>\n\n\n\n<p>Wszyscy odbiorcy zostali zweryfikowani przez Administratora oraz zobowi\u0105zani do przetwarzania Pa\u0144stwa danych zgodnie z obowi\u0105zuj\u0105cym prawem lub na podstawie umowy z Administratorem.<\/p>\n\n\n\n<p>W ka\u017cdym przypadku przekazanie danych innym podmiotom nast\u0105pi wy\u0142\u0105cznie w celu, w jakim przetwarzanie danych jest legalne i niezb\u0119dne.&nbsp;<\/p>\n\n\n\n<h2 class=\"wp-block-heading\">Przechowywanie i usuwanie danych&nbsp;<\/h2>\n\n\n\n<p>Administrator maksymalnie ogranicza okres przechowywania danych osobowych i przetwarza je przez niezb\u0119dny czas:<\/p>\n\n\n\n<ul class=\"wp-block-list\">\n<li>trwania umowy, a tak\u017ce do up\u0142ywu termin\u00f3w przedawnienia wynikaj\u0105cych z odpowiednich przepis\u00f3w prawa, tj. termin\u00f3w przedawnienia zobowi\u0105za\u0144 podatkowych lub termin\u00f3w przedawnienia roszcze\u0144 cywilnoprawnych&nbsp;<\/li>\n\n\n\n<li>prowadzenia obs\u0142ugi korespondencji<\/li>\n\n\n\n<li>do momentu cofni\u0119cia uprzednio wyra\u017conej zgody<\/li>\n\n\n\n<li>do momentu wniesienia sprzeciwu wobec przetwarzania danych osobowych.<\/li>\n<\/ul>\n\n\n\n<p>Po up\u0142ywie okresu zgodnego z prawem przetwarzania danych osobowych, wszystkie dane osobowe umo\u017cliwiaj\u0105ce identyfikacj\u0119 Pa\u0144stwa osoby zostan\u0105 usuni\u0119te.<\/p>\n\n\n\n<h2 class=\"wp-block-heading\"><strong>Pa\u0144stwa uprawnienia<\/strong><\/h2>\n\n\n\n<ol class=\"wp-block-list\">\n<li>Je\u017celi Administrator przetwarza Pa\u0144stwa dane na podstawie dobrowolnej zgody, zgoda ta mo\u017ce zosta\u0107 cofni\u0119ta w dowolnym momencie. Wy\u0142\u0105czn\u0105 konsekwencj\u0105 cofni\u0119cia zgody b\u0119dzie fakt, \u017ce Administrator nie b\u0119dzie m\u00f3g\u0142 d\u0142u\u017cej przetwarza\u0107 na tej podstawie Pa\u0144stwa danych osobowych. Cofni\u0119cie zgody nie wp\u0142ywa na legalno\u015b\u0107 przetwarzania danych, kt\u00f3re dokona\u0142o si\u0119 przed tym cofni\u0119ciem.<br><\/li>\n\n\n\n<li>Przys\u0142uguje Pa\u0144stwu prawo dost\u0119pu do tre\u015bci Pa\u0144stwa danych osobowych oraz ich poprawiania, sprostowania, usuni\u0119cia lub ograniczenia przetwarzania.<br><\/li>\n\n\n\n<li>Je\u017celi znale\u017ali si\u0119 Pa\u0144stwo w szczeg\u00f3lnej sytuacji, kt\u00f3ra sprawia, \u017ce dalsze przetwarzanie przez nas Pa\u0144stwa danych zagra\u017ca Pa\u0144stwa prywatno\u015bci, mo\u017cecie Pa\u0144stwo zawiadomi\u0107 nas o tym fakcie i wezwa\u0107 do zaprzestania lub ograniczenia przetwarzania.&nbsp;<br><\/li>\n\n\n\n<li>W przypadku, gdy podstaw\u0105 przetwarzania danych osobowych jest prawnie uzasadniony interes \u2013 przys\u0142uguje Pa\u0144stwu prawo do wniesienia w dowolnym momencie sprzeciwu wobec przetwarzania danych osobowych z przyczyn zwi\u0105zanych z Pa\u0144stwa szczeg\u00f3ln\u0105 sytuacj\u0105. W przypadku, gdy prawnie uzasadniony interes polega na prowadzeniu dzia\u0142a\u0144 marketingu bezpo\u015bredniego \u2013 macie Pa\u0144stwo prawo w dowolnym momencie wnie\u015b\u0107 sprzeciw wobec przetwarzania dotycz\u0105cych Pa\u0144stwa danych osobowych na potrzeby takiego marketingu, bez konieczno\u015bci uzasadniania swojej decyzji,<br><\/li>\n\n\n\n<li>Przys\u0142uguje Pa\u0144stwu prawo do wezwania nas, aby\u015bmy przes\u0142ali Pa\u0144stwa dane innemu podmiotowi w postaci, kt\u00f3r\u0105 odbiorca b\u0119dzie m\u00f3g\u0142 swobodnie przetwarza\u0107. Prawo to dotyczy tylko tych danych, kt\u00f3re od Pa\u0144stwa otrzymali\u015bmy.&nbsp;<br><\/li>\n\n\n\n<li>Przys\u0142uguje Pa\u0144stwu r\u00f3wnie\u017c prawo do wniesienia skargi do organu nadzorczego tj. Prezesa Urz\u0119du Ochrony Danych Osobowych.<\/li>\n<\/ol>\n\n\n\n<h2 class=\"wp-block-heading\">Pliki &#8222;COOKIES&#8221;<\/h2>\n\n\n\n<ol class=\"wp-block-list\">\n<li>Strona internetowa Administratora u\u017cywa plik\u00f3w \u201ecookies\u201d. Brak zmiany po stronie U\u017cytkownika ustawie\u0144 przegl\u0105darki jest r\u00f3wnoznaczny z wyra\u017ceniem zgody na ich u\u017cycie. &nbsp;<\/li>\n\n\n\n<li>Instalacja plik\u00f3w \u201ecookies\u201d jest konieczna do prawid\u0142owego \u015bwiadczenia us\u0142ug na stronie internetowej. W plikach \u201ecookies\u201d znajduj\u0105 si\u0119 informacje niezb\u0119dne do prawid\u0142owego funkcjonowania strony internetowej, w szczeg\u00f3lno\u015bci tych wymagaj\u0105cych autoryzacji. &nbsp;<\/li>\n\n\n\n<li>Pliki cookies wykorzystywane s\u0105 w celu:<br>\u2013 dostosowania zawarto\u015bci stron internetowych do preferencji U\u017cytkownika oraz optymalizacji korzystania ze stron internetowych, w szczeg\u00f3lno\u015bci pliki te pozwalaj\u0105 rozpozna\u0107 urz\u0105dzenie U\u017cytkownika i odpowiednio wy\u015bwietli\u0107 stron\u0119 internetow\u0105, dostosowan\u0105 do jego indywidualnych potrzeb,<br>\u2013 tworzenia statystyk, kt\u00f3re pomagaj\u0105 zrozumie\u0107, w jaki spos\u00f3b U\u017cytkownicy korzystaj\u0105 ze stron internetowych, co umo\u017cliwia ulepszanie ich struktury i zawarto\u015bci; &nbsp;<\/li>\n\n\n\n<li>W ramach strony internetowej stosowane s\u0105 rodzaje plik\u00f3w \u201ecookies\u201d: \u2013&nbsp;\u201esesyjne\u201d (session cookies) \u2013 pliki tymczasowe, kt\u00f3re przechowywane s\u0105 w urz\u0105dzeniu ko\u0144cowym U\u017cytkownika do czasu wylogowania, opuszczenia strony internetowej lub wy\u0142\u0105czenia oprogramowania (przegl\u0105darki internetowej),<br>\u2013&nbsp;\u201esta\u0142e\u201d (persistent cookies) \u2013 przechowywane s\u0105 w urz\u0105dzeniu ko\u0144cowym U\u017cytkownika przez czas okre\u015blony w parametrach plik\u00f3w cookies lub do czasu ich usuni\u0119cia przez U\u017cytkownika. &nbsp;<\/li>\n\n\n\n<li>U\u017cytkownik ma prawo zadecydowania w zakresie dost\u0119pu plik\u00f3w \u201ecookies\u201d do swojego komputera poprzez ich uprzedni wyb\u00f3r w oknie swojej przegl\u0105darki. &nbsp;<\/li>\n\n\n\n<li>Szczeg\u00f3\u0142owe informacje o mo\u017cliwo\u015bci i sposobach obs\u0142ugi plik\u00f3w \u201ecookies\u201d dost\u0119pne s\u0105 w ustawieniach oprogramowania (przegl\u0105darki internetowej). &nbsp;<\/li>\n\n\n\n<li>\u201eCookies\u201d w \u017caden spos\u00f3b nie niszcz\u0105 ani nie uszkadzaj\u0105 systemu w Pa\u0144stwa komputerze, zapisanych plik\u00f3w, ani te\u017c celowo nie wp\u0142ywaj\u0105 niekorzystnie na jego wydajno\u015b\u0107 lub funkcjonalno\u015b\u0107. Identyfikacja odbywa si\u0119 bezosobowo, bezimiennie i s\u0105 to dane dotycz\u0105ce jedynie sposobu i formy korzystania z serwis\u00f3w. &nbsp;<\/li>\n\n\n\n<li>Wi\u0119cej informacji o plikach \u201ecookies\u201d znajduje si\u0119 pod adresem:&nbsp; <a href=\"http:\/\/wszystkoociasteczkach.pl\/\">http:\/\/wszystkoociasteczkach.pl\/<\/a>&nbsp;<\/li>\n<\/ol>\n\n\n\n<div class=\"wp-block-buttons is-layout-flex wp-block-buttons-is-layout-flex\">\n<div class=\"wp-block-button\"><a class=\"wp-block-button__link wp-element-button\" href=\"https:\/\/testy.opinieo.pl\/wp-content\/uploads\/Polityka-prywatnosci.pdf\">pobierz<\/a><\/div>\n<\/div>\n\n\n\n<p><\/p>\n","protected":false},"excerpt":{"rendered":"<p>Postanowienia og\u00f3lne Dane zbierane automatycznie Podczas Pa\u0144stwa wizyty na stronie internetowej www.sklep.seotracking.pl automatycznie zbierane s\u0105 dane: adres IP, nazwa domeny, typ przegl\u0105darki, typ systemu operacyjnego. Dane te nie pozwalaj\u0105 na jednoznaczne zidentyfikowanie Pa\u0144stwa osoby. Administrator nie przetwarza danych osobowych w spos\u00f3b zautomatyzowany (w tym w formie profilowania) w ten spos\u00f3b, aby w wyniku takiego zautomatyzowanego [&hellip;]<\/p>\n","protected":false},"author":1,"featured_media":0,"parent":0,"menu_order":0,"comment_status":"closed","ping_status":"open","template":"","meta":{"footnotes":""},"class_list":["post-3","page","type-page","status-publish","hentry"],"_links":{"self":[{"href":"https:\/\/testy.opinieo.pl\/index.php?rest_route=\/wp\/v2\/pages\/3","targetHints":{"allow":["GET"]}}],"collection":[{"href":"https:\/\/testy.opinieo.pl\/index.php?rest_route=\/wp\/v2\/pages"}],"about":[{"href":"https:\/\/testy.opinieo.pl\/index.php?rest_route=\/wp\/v2\/types\/page"}],"author":[{"embeddable":true,"href":"https:\/\/testy.opinieo.pl\/index.php?rest_route=\/wp\/v2\/users\/1"}],"replies":[{"embeddable":true,"href":"https:\/\/testy.opinieo.pl\/index.php?rest_route=%2Fwp%2Fv2%2Fcomments&post=3"}],"version-history":[{"count":3,"href":"https:\/\/testy.opinieo.pl\/index.php?rest_route=\/wp\/v2\/pages\/3\/revisions"}],"predecessor-version":[{"id":870,"href":"https:\/\/testy.opinieo.pl\/index.php?rest_route=\/wp\/v2\/pages\/3\/revisions\/870"}],"wp:attachment":[{"href":"https:\/\/testy.opinieo.pl\/index.php?rest_route=%2Fwp%2Fv2%2Fmedia&parent=3"}],"curies":[{"name":"wp","href":"https:\/\/api.w.org\/{rel}","templated":true}]}}